{"id":10880,"date":"2025-06-03T16:08:52","date_gmt":"2025-06-03T22:08:52","guid":{"rendered":"https:\/\/desarrolloysalud.org\/?page_id=10880"},"modified":"2025-06-03T16:31:21","modified_gmt":"2025-06-03T22:31:21","slug":"4er-reunion-de-superioras-mayores","status":"publish","type":"page","link":"https:\/\/desarrolloysalud.org\/index.php\/4er-reunion-de-superioras-mayores\/","title":{"rendered":"4er. Reunion de Superioras Mayores"},"content":{"rendered":"\t\t<div data-elementor-type=\"wp-page\" data-elementor-id=\"10880\" class=\"elementor elementor-10880\">\n\t\t\t\t\t\t<section class=\"elementor-section elementor-top-section elementor-element elementor-element-7e24820 elementor-section-boxed elementor-section-height-default elementor-section-height-default exad-glass-effect-no exad-sticky-section-no elementor-invisible\" data-id=\"7e24820\" data-element_type=\"section\" data-e-type=\"section\" data-settings=\"{&quot;animation&quot;:&quot;fadeInUp&quot;}\">\n\t\t\t\t\t\t<div class=\"elementor-container elementor-column-gap-default\">\n\t\t\t\t\t<div class=\"aux-parallax-section elementor-column elementor-col-100 elementor-top-column elementor-element elementor-element-1b67834 exad-glass-effect-no exad-sticky-section-no\" data-id=\"1b67834\" data-element_type=\"column\" data-e-type=\"column\">\n\t\t\t<div class=\"elementor-widget-wrap elementor-element-populated\">\n\t\t\t\t\t\t<div class=\"elementor-element elementor-element-bb416c8 exad-sticky-section-no exad-glass-effect-no elementor-widget elementor-widget-heading\" data-id=\"bb416c8\" data-element_type=\"widget\" data-e-type=\"widget\" data-widget_type=\"heading.default\">\n\t\t\t\t<div class=\"elementor-widget-container\">\n\t\t\t\t\t<h2 class=\"elementor-heading-title elementor-size-default\">Informe sobre la 4\u00aa Reuni\u00f3n de Superioras Mayores de la Oficina de Desarrollo y Salud Integral de las Religiosas en M\u00e9xico. <br>13 de marzo del 2025<\/h2>\t\t\t\t<\/div>\n\t\t\t\t<\/div>\n\t\t\t\t\t<\/div>\n\t\t<\/div>\n\t\t\t\t\t<\/div>\n\t\t<\/section>\n\t\t<div class=\"aux-parallax-section elementor-element elementor-element-18cf85c e-con-full e-flex elementor-invisible e-con e-parent\" data-id=\"18cf85c\" data-element_type=\"container\" data-e-type=\"container\" data-settings=\"{&quot;animation&quot;:&quot;fadeInUp&quot;}\">\n\t\t<div class=\"elementor-element elementor-element-75ace64 e-con-full e-flex e-con e-child\" data-id=\"75ace64\" data-element_type=\"container\" data-e-type=\"container\">\n\t\t\t\t<div class=\"elementor-element elementor-element-1c0bf53 exad-sticky-section-no exad-glass-effect-no elementor-widget elementor-widget-heading\" data-id=\"1c0bf53\" data-element_type=\"widget\" data-e-type=\"widget\" data-widget_type=\"heading.default\">\n\t\t\t\t<div class=\"elementor-widget-container\">\n\t\t\t\t\t<h2 class=\"elementor-heading-title elementor-size-default\">Reuni\u00f3n de Superioras Mayores<\/h2>\t\t\t\t<\/div>\n\t\t\t\t<\/div>\n\t\t\t\t<\/div>\n\t\t\t\t<\/div>\n\t\t<div class=\"aux-parallax-section elementor-element elementor-element-64d21e4 e-con-full e-flex elementor-invisible e-con e-parent\" data-id=\"64d21e4\" data-element_type=\"container\" data-e-type=\"container\" data-settings=\"{&quot;animation&quot;:&quot;fadeInLeft&quot;}\">\n\t\t<div class=\"elementor-element elementor-element-a67b6e2 e-con-full e-flex e-con e-child\" data-id=\"a67b6e2\" data-element_type=\"container\" data-e-type=\"container\">\n\t\t\t\t<div class=\"elementor-element elementor-element-57320f2 exad-sticky-section-no exad-glass-effect-no elementor-widget elementor-widget-text-editor\" data-id=\"57320f2\" data-element_type=\"widget\" data-e-type=\"widget\" data-widget_type=\"text-editor.default\">\n\t\t\t\t<div class=\"elementor-widget-container\">\n\t\t\t\t\t\t\t\t\t<p>La cuarta reuni\u00f3n de Superioras Mayores se centr\u00f3 en la actualizaci\u00f3n y el discernimiento comunitario sobre el trabajo de la Oficina de Desarrollo y Salud Integral de las Religiosas en M\u00e9xico (DSI). \u200b Se busc\u00f3 fortalecer la comuni\u00f3n y corresponsabilidad en la misi\u00f3n compartida de las congregaciones religiosas. \u200b<\/p>\t\t\t\t\t\t\t\t<\/div>\n\t\t\t\t<\/div>\n\t\t\t\t<\/div>\n\t\t\t\t<\/div>\n\t\t<div class=\"aux-parallax-section elementor-element elementor-element-5df847b e-con-full e-flex elementor-invisible e-con e-parent\" data-id=\"5df847b\" data-element_type=\"container\" data-e-type=\"container\" data-settings=\"{&quot;animation&quot;:&quot;fadeInRight&quot;,&quot;animation_delay&quot;:500}\">\n\t\t<div class=\"elementor-element elementor-element-6177427 e-con-full e-flex e-con e-child\" data-id=\"6177427\" data-element_type=\"container\" data-e-type=\"container\">\n\t\t\t\t<div class=\"elementor-element elementor-element-925f535 exad-sticky-section-no exad-glass-effect-no elementor-widget elementor-widget-text-editor\" data-id=\"925f535\" data-element_type=\"widget\" data-e-type=\"widget\" data-widget_type=\"text-editor.default\">\n\t\t\t\t<div class=\"elementor-widget-container\">\n\t\t\t\t\t\t\t\t\t<ul><li style=\"list-style-type: none;\"><ul><li style=\"list-style-type: none;\"><ul><li>Se celebr\u00f3 en un contexto de esperanza y renovaci\u00f3n pascual.<\/li><li>Se revisaron iniciativas en curso y se evalu\u00f3 el impacto de las acciones realizadas.<\/li><li>Se promovi\u00f3 un encuentro fraterno y un llamado a la acci\u00f3n en respuesta a los desaf\u00edos actuales. \u200b<\/li><li>Se enfatiz\u00f3 la importancia de la comunidad y el acompa\u00f1amiento mutuo en la misi\u00f3n. \u200b<\/li><\/ul><\/li><\/ul><\/li><\/ul>\t\t\t\t\t\t\t\t<\/div>\n\t\t\t\t<\/div>\n\t\t\t\t<\/div>\n\t\t\t\t<\/div>\n\t\t<div class=\"aux-parallax-section elementor-element elementor-element-328a0cc e-con-full animated-slow e-flex elementor-invisible e-con e-parent\" data-id=\"328a0cc\" data-element_type=\"container\" data-e-type=\"container\" data-settings=\"{&quot;animation&quot;:&quot;zoomIn&quot;,&quot;animation_delay&quot;:600}\">\n\t\t<div class=\"elementor-element elementor-element-d4934a4 e-con-full e-flex e-con e-child\" data-id=\"d4934a4\" data-element_type=\"container\" data-e-type=\"container\">\n\t\t\t\t<div class=\"elementor-element elementor-element-de79c8c exad-sticky-section-no exad-glass-effect-no elementor-widget elementor-widget-aux_modern_button\" data-id=\"de79c8c\" data-element_type=\"widget\" data-e-type=\"widget\" data-widget_type=\"aux_modern_button.default\">\n\t\t\t\t<div class=\"elementor-widget-container\">\n\t\t\t\t\t    <div class=\"aux-modern-button-wrapper aux-modern-button-align-left\" >\n                    <a class=\"aux-modern-button aux-black aux-modern-button-xl aux-modern-button-curve aux-modern-button-default aux-icon-right\" href=\"https:\/\/desarrolloysalud.org\/wp-content\/uploads\/2025\/06\/Informe-de-la-Oficina.pdf\" target=\"_blank\">\n                <div class=\"aux-overlay\"><\/div>\n                                    <div class=\"aux-icon \">\n                        <i aria-hidden=\"true\" class=\"teenyicon ti-documents\"><\/i>                    <\/div>\n                                <div class=\"aux-text\">\n<span class=\"aux-text-before\">Informe Completo Descargable <\/span>                <\/div>\n            <\/a>\n            \n    <\/div>\n\n    \t\t\t\t<\/div>\n\t\t\t\t<\/div>\n\t\t\t\t<\/div>\n\t\t\t\t<\/div>\n\t\t<div class=\"aux-parallax-section elementor-element elementor-element-fa84173 e-con-full e-flex elementor-invisible e-con e-parent\" data-id=\"fa84173\" data-element_type=\"container\" data-e-type=\"container\" data-settings=\"{&quot;animation&quot;:&quot;fadeInUp&quot;}\">\n\t\t<div class=\"elementor-element elementor-element-3436d68 e-con-full e-flex e-con e-child\" data-id=\"3436d68\" data-element_type=\"container\" data-e-type=\"container\">\n\t\t\t\t<div class=\"elementor-element elementor-element-a19ac6d exad-sticky-section-no exad-glass-effect-no elementor-widget elementor-widget-video\" data-id=\"a19ac6d\" data-element_type=\"widget\" data-e-type=\"widget\" data-settings=\"{&quot;youtube_url&quot;:&quot;https:\\\/\\\/youtu.be\\\/oy5_iPza1e0&quot;,&quot;video_type&quot;:&quot;youtube&quot;,&quot;controls&quot;:&quot;yes&quot;}\" data-widget_type=\"video.default\">\n\t\t\t\t<div class=\"elementor-widget-container\">\n\t\t\t\t\t\t\t<div class=\"elementor-wrapper elementor-open-inline\">\n\t\t\t<div class=\"elementor-video\"><\/div>\t\t<\/div>\n\t\t\t\t\t\t<\/div>\n\t\t\t\t<\/div>\n\t\t\t\t<\/div>\n\t\t\t\t<\/div>\n\t\t\t\t<section class=\"elementor-section elementor-top-section elementor-element elementor-element-3579fd3 elementor-section-boxed elementor-section-height-default elementor-section-height-default exad-glass-effect-no exad-sticky-section-no elementor-invisible\" data-id=\"3579fd3\" data-element_type=\"section\" data-e-type=\"section\" data-settings=\"{&quot;animation&quot;:&quot;fadeIn&quot;}\">\n\t\t\t\t\t\t<div class=\"elementor-container elementor-column-gap-default\">\n\t\t\t\t\t<div class=\"aux-parallax-section elementor-column elementor-col-100 elementor-top-column elementor-element elementor-element-2d89c85 exad-glass-effect-no exad-sticky-section-no\" data-id=\"2d89c85\" data-element_type=\"column\" data-e-type=\"column\">\n\t\t\t<div class=\"elementor-widget-wrap elementor-element-populated\">\n\t\t\t\t\t\t<div class=\"elementor-element elementor-element-f8d637c exad-sticky-section-no exad-glass-effect-no elementor-widget elementor-widget-heading\" data-id=\"f8d637c\" data-element_type=\"widget\" data-e-type=\"widget\" data-widget_type=\"heading.default\">\n\t\t\t\t<div class=\"elementor-widget-container\">\n\t\t\t\t\t<h2 class=\"elementor-heading-title elementor-size-default\">Galer\u00eda<\/h2>\t\t\t\t<\/div>\n\t\t\t\t<\/div>\n\t\t\t\t\t<\/div>\n\t\t<\/div>\n\t\t\t\t\t<\/div>\n\t\t<\/section>\n\t\t\t\t<section class=\"elementor-section elementor-top-section elementor-element elementor-element-417812c animated-slow elementor-section-boxed elementor-section-height-default elementor-section-height-default exad-glass-effect-no exad-sticky-section-no elementor-invisible\" data-id=\"417812c\" data-element_type=\"section\" data-e-type=\"section\" data-settings=\"{&quot;animation&quot;:&quot;slideInUp&quot;,&quot;animation_delay&quot;:500}\">\n\t\t\t\t\t\t<div class=\"elementor-container elementor-column-gap-default\">\n\t\t\t\t\t<div class=\"aux-parallax-section elementor-column elementor-col-100 elementor-top-column elementor-element elementor-element-c7df6cb exad-glass-effect-no exad-sticky-section-no\" data-id=\"c7df6cb\" data-element_type=\"column\" data-e-type=\"column\">\n\t\t\t<div class=\"elementor-widget-wrap elementor-element-populated\">\n\t\t\t\t\t\t<div class=\"elementor-element elementor-element-2a5329a gallery-spacing-custom exad-sticky-section-no exad-glass-effect-no elementor-widget elementor-widget-image-gallery\" data-id=\"2a5329a\" data-element_type=\"widget\" data-e-type=\"widget\" data-widget_type=\"image-gallery.default\">\n\t\t\t\t<div class=\"elementor-widget-container\">\n\t\t\t\t\t\t\t<div class=\"elementor-image-gallery\">\n\t\t\t<div id='gallery-1' class='gallery galleryid-10880 gallery-columns-4 gallery-size-post-thumbnail'><figure class='gallery-item'>\n\t\t\t<div class='gallery-icon landscape'>\n\t\t\t\t<a data-elementor-open-lightbox=\"yes\" data-elementor-lightbox-slideshow=\"2a5329a\" data-elementor-lightbox-title=\"Captura\" data-e-action-hash=\"#elementor-action%3Aaction%3Dlightbox%26settings%3DeyJpZCI6MTA4OTUsInVybCI6Imh0dHBzOlwvXC9kZXNhcnJvbGxveXNhbHVkLm9yZ1wvd3AtY29udGVudFwvdXBsb2Fkc1wvMjAyNVwvMDZcL0NhcHR1cmEud2VicCIsInNsaWRlc2hvdyI6IjJhNTMyOWEifQ%3D%3D\" href='https:\/\/desarrolloysalud.org\/wp-content\/uploads\/2025\/06\/Captura.webp'><img fetchpriority=\"high\" decoding=\"async\" width=\"280\" height=\"180\" src=\"https:\/\/desarrolloysalud.org\/wp-content\/uploads\/2025\/06\/Captura-280x180.webp\" class=\"attachment-post-thumbnail size-post-thumbnail\" alt=\"\" \/><\/a>\n\t\t\t<\/div><\/figure><figure class='gallery-item'>\n\t\t\t<div class='gallery-icon landscape'>\n\t\t\t\t<a data-elementor-open-lightbox=\"yes\" data-elementor-lightbox-slideshow=\"2a5329a\" data-elementor-lightbox-title=\"dsi1\" data-e-action-hash=\"#elementor-action%3Aaction%3Dlightbox%26settings%3DeyJpZCI6MTA4OTYsInVybCI6Imh0dHBzOlwvXC9kZXNhcnJvbGxveXNhbHVkLm9yZ1wvd3AtY29udGVudFwvdXBsb2Fkc1wvMjAyNVwvMDZcL2RzaTEud2VicCIsInNsaWRlc2hvdyI6IjJhNTMyOWEifQ%3D%3D\" href='https:\/\/desarrolloysalud.org\/wp-content\/uploads\/2025\/06\/dsi1.webp'><img decoding=\"async\" width=\"280\" height=\"180\" src=\"https:\/\/desarrolloysalud.org\/wp-content\/uploads\/2025\/06\/dsi1-280x180.webp\" class=\"attachment-post-thumbnail size-post-thumbnail\" alt=\"\" \/><\/a>\n\t\t\t<\/div><\/figure><figure class='gallery-item'>\n\t\t\t<div class='gallery-icon landscape'>\n\t\t\t\t<a data-elementor-open-lightbox=\"yes\" data-elementor-lightbox-slideshow=\"2a5329a\" data-elementor-lightbox-title=\"dsi2\" data-e-action-hash=\"#elementor-action%3Aaction%3Dlightbox%26settings%3DeyJpZCI6MTA4OTcsInVybCI6Imh0dHBzOlwvXC9kZXNhcnJvbGxveXNhbHVkLm9yZ1wvd3AtY29udGVudFwvdXBsb2Fkc1wvMjAyNVwvMDZcL2RzaTIud2VicCIsInNsaWRlc2hvdyI6IjJhNTMyOWEifQ%3D%3D\" href='https:\/\/desarrolloysalud.org\/wp-content\/uploads\/2025\/06\/dsi2.webp'><img decoding=\"async\" width=\"280\" height=\"180\" src=\"https:\/\/desarrolloysalud.org\/wp-content\/uploads\/2025\/06\/dsi2-280x180.webp\" class=\"attachment-post-thumbnail size-post-thumbnail\" alt=\"\" \/><\/a>\n\t\t\t<\/div><\/figure><figure class='gallery-item'>\n\t\t\t<div class='gallery-icon landscape'>\n\t\t\t\t<a data-elementor-open-lightbox=\"yes\" data-elementor-lightbox-slideshow=\"2a5329a\" data-elementor-lightbox-title=\"dsi7\" data-e-action-hash=\"#elementor-action%3Aaction%3Dlightbox%26settings%3DeyJpZCI6MTA4OTgsInVybCI6Imh0dHBzOlwvXC9kZXNhcnJvbGxveXNhbHVkLm9yZ1wvd3AtY29udGVudFwvdXBsb2Fkc1wvMjAyNVwvMDZcL2RzaTcud2VicCIsInNsaWRlc2hvdyI6IjJhNTMyOWEifQ%3D%3D\" href='https:\/\/desarrolloysalud.org\/wp-content\/uploads\/2025\/06\/dsi7.webp'><img loading=\"lazy\" decoding=\"async\" width=\"280\" height=\"180\" src=\"https:\/\/desarrolloysalud.org\/wp-content\/uploads\/2025\/06\/dsi7-280x180.webp\" class=\"attachment-post-thumbnail size-post-thumbnail\" alt=\"\" \/><\/a>\n\t\t\t<\/div><\/figure><figure class='gallery-item'>\n\t\t\t<div class='gallery-icon landscape'>\n\t\t\t\t<a data-elementor-open-lightbox=\"yes\" data-elementor-lightbox-slideshow=\"2a5329a\" data-elementor-lightbox-title=\"dsi8\" data-e-action-hash=\"#elementor-action%3Aaction%3Dlightbox%26settings%3DeyJpZCI6MTA4OTksInVybCI6Imh0dHBzOlwvXC9kZXNhcnJvbGxveXNhbHVkLm9yZ1wvd3AtY29udGVudFwvdXBsb2Fkc1wvMjAyNVwvMDZcL2RzaTgud2VicCIsInNsaWRlc2hvdyI6IjJhNTMyOWEifQ%3D%3D\" href='https:\/\/desarrolloysalud.org\/wp-content\/uploads\/2025\/06\/dsi8.webp'><img loading=\"lazy\" decoding=\"async\" width=\"280\" height=\"180\" src=\"https:\/\/desarrolloysalud.org\/wp-content\/uploads\/2025\/06\/dsi8-280x180.webp\" class=\"attachment-post-thumbnail size-post-thumbnail\" alt=\"\" \/><\/a>\n\t\t\t<\/div><\/figure><figure class='gallery-item'>\n\t\t\t<div class='gallery-icon landscape'>\n\t\t\t\t<a data-elementor-open-lightbox=\"yes\" data-elementor-lightbox-slideshow=\"2a5329a\" data-elementor-lightbox-title=\"dsi14\" data-e-action-hash=\"#elementor-action%3Aaction%3Dlightbox%26settings%3DeyJpZCI6MTA5MDAsInVybCI6Imh0dHBzOlwvXC9kZXNhcnJvbGxveXNhbHVkLm9yZ1wvd3AtY29udGVudFwvdXBsb2Fkc1wvMjAyNVwvMDZcL2RzaTE0LndlYnAiLCJzbGlkZXNob3ciOiIyYTUzMjlhIn0%3D\" href='https:\/\/desarrolloysalud.org\/wp-content\/uploads\/2025\/06\/dsi14.webp'><img loading=\"lazy\" decoding=\"async\" width=\"280\" height=\"180\" src=\"https:\/\/desarrolloysalud.org\/wp-content\/uploads\/2025\/06\/dsi14-280x180.webp\" class=\"attachment-post-thumbnail size-post-thumbnail\" alt=\"\" \/><\/a>\n\t\t\t<\/div><\/figure><figure class='gallery-item'>\n\t\t\t<div class='gallery-icon landscape'>\n\t\t\t\t<a data-elementor-open-lightbox=\"yes\" data-elementor-lightbox-slideshow=\"2a5329a\" data-elementor-lightbox-title=\"dsi15\" data-e-action-hash=\"#elementor-action%3Aaction%3Dlightbox%26settings%3DeyJpZCI6MTA5MDEsInVybCI6Imh0dHBzOlwvXC9kZXNhcnJvbGxveXNhbHVkLm9yZ1wvd3AtY29udGVudFwvdXBsb2Fkc1wvMjAyNVwvMDZcL2RzaTE1LndlYnAiLCJzbGlkZXNob3ciOiIyYTUzMjlhIn0%3D\" href='https:\/\/desarrolloysalud.org\/wp-content\/uploads\/2025\/06\/dsi15.webp'><img loading=\"lazy\" decoding=\"async\" width=\"280\" height=\"180\" src=\"https:\/\/desarrolloysalud.org\/wp-content\/uploads\/2025\/06\/dsi15-280x180.webp\" class=\"attachment-post-thumbnail size-post-thumbnail\" alt=\"\" \/><\/a>\n\t\t\t<\/div><\/figure><figure class='gallery-item'>\n\t\t\t<div class='gallery-icon landscape'>\n\t\t\t\t<a data-elementor-open-lightbox=\"yes\" data-elementor-lightbox-slideshow=\"2a5329a\" data-elementor-lightbox-title=\"dsi17\" data-e-action-hash=\"#elementor-action%3Aaction%3Dlightbox%26settings%3DeyJpZCI6MTA5MDIsInVybCI6Imh0dHBzOlwvXC9kZXNhcnJvbGxveXNhbHVkLm9yZ1wvd3AtY29udGVudFwvdXBsb2Fkc1wvMjAyNVwvMDZcL2RzaTE3LndlYnAiLCJzbGlkZXNob3ciOiIyYTUzMjlhIn0%3D\" href='https:\/\/desarrolloysalud.org\/wp-content\/uploads\/2025\/06\/dsi17.webp'><img loading=\"lazy\" decoding=\"async\" width=\"280\" height=\"180\" src=\"https:\/\/desarrolloysalud.org\/wp-content\/uploads\/2025\/06\/dsi17-280x180.webp\" class=\"attachment-post-thumbnail size-post-thumbnail\" alt=\"\" \/><\/a>\n\t\t\t<\/div><\/figure><figure class='gallery-item'>\n\t\t\t<div class='gallery-icon landscape'>\n\t\t\t\t<a data-elementor-open-lightbox=\"yes\" data-elementor-lightbox-slideshow=\"2a5329a\" data-elementor-lightbox-title=\"dsi18\" data-e-action-hash=\"#elementor-action%3Aaction%3Dlightbox%26settings%3DeyJpZCI6MTA5MDMsInVybCI6Imh0dHBzOlwvXC9kZXNhcnJvbGxveXNhbHVkLm9yZ1wvd3AtY29udGVudFwvdXBsb2Fkc1wvMjAyNVwvMDZcL2RzaTE4LndlYnAiLCJzbGlkZXNob3ciOiIyYTUzMjlhIn0%3D\" href='https:\/\/desarrolloysalud.org\/wp-content\/uploads\/2025\/06\/dsi18.webp'><img loading=\"lazy\" decoding=\"async\" width=\"280\" height=\"180\" src=\"https:\/\/desarrolloysalud.org\/wp-content\/uploads\/2025\/06\/dsi18-280x180.webp\" class=\"attachment-post-thumbnail size-post-thumbnail\" alt=\"\" \/><\/a>\n\t\t\t<\/div><\/figure><figure class='gallery-item'>\n\t\t\t<div class='gallery-icon landscape'>\n\t\t\t\t<a data-elementor-open-lightbox=\"yes\" data-elementor-lightbox-slideshow=\"2a5329a\" data-elementor-lightbox-title=\"dsi21\" data-e-action-hash=\"#elementor-action%3Aaction%3Dlightbox%26settings%3DeyJpZCI6MTA5MDQsInVybCI6Imh0dHBzOlwvXC9kZXNhcnJvbGxveXNhbHVkLm9yZ1wvd3AtY29udGVudFwvdXBsb2Fkc1wvMjAyNVwvMDZcL2RzaTIxLndlYnAiLCJzbGlkZXNob3ciOiIyYTUzMjlhIn0%3D\" href='https:\/\/desarrolloysalud.org\/wp-content\/uploads\/2025\/06\/dsi21.webp'><img loading=\"lazy\" decoding=\"async\" width=\"280\" height=\"180\" src=\"https:\/\/desarrolloysalud.org\/wp-content\/uploads\/2025\/06\/dsi21-280x180.webp\" class=\"attachment-post-thumbnail size-post-thumbnail\" alt=\"\" \/><\/a>\n\t\t\t<\/div><\/figure><figure class='gallery-item'>\n\t\t\t<div class='gallery-icon landscape'>\n\t\t\t\t<a data-elementor-open-lightbox=\"yes\" data-elementor-lightbox-slideshow=\"2a5329a\" data-elementor-lightbox-title=\"dsi24\" data-e-action-hash=\"#elementor-action%3Aaction%3Dlightbox%26settings%3DeyJpZCI6MTA5MDUsInVybCI6Imh0dHBzOlwvXC9kZXNhcnJvbGxveXNhbHVkLm9yZ1wvd3AtY29udGVudFwvdXBsb2Fkc1wvMjAyNVwvMDZcL2RzaTI0LndlYnAiLCJzbGlkZXNob3ciOiIyYTUzMjlhIn0%3D\" href='https:\/\/desarrolloysalud.org\/wp-content\/uploads\/2025\/06\/dsi24.webp'><img loading=\"lazy\" decoding=\"async\" width=\"280\" height=\"180\" src=\"https:\/\/desarrolloysalud.org\/wp-content\/uploads\/2025\/06\/dsi24-280x180.webp\" class=\"attachment-post-thumbnail size-post-thumbnail\" alt=\"\" \/><\/a>\n\t\t\t<\/div><\/figure>\n\t\t<\/div>\n\t\t<\/div>\n\t\t\t\t\t\t<\/div>\n\t\t\t\t<\/div>\n\t\t\t\t\t<\/div>\n\t\t<\/div>\n\t\t\t\t\t<\/div>\n\t\t<\/section>\n\t\t\t\t<\/div>\n\t\t","protected":false},"excerpt":{"rendered":"<p>Informe sobre la 4\u00aa Reuni\u00f3n de Superioras Mayores de la Oficina de Desarrollo y Salud Integral de las Religiosas en M\u00e9xico. 13 de marzo del 2025 Reuni\u00f3n de Superioras Mayores La cuarta reuni\u00f3n de Superioras Mayores se centr\u00f3 en la actualizaci\u00f3n y el discernimiento comunitario sobre el trabajo de la Oficina de Desarrollo y Salud [&hellip;]<\/p>\n","protected":false},"author":1,"featured_media":0,"parent":0,"menu_order":0,"comment_status":"closed","ping_status":"closed","template":"","meta":{"_monsterinsights_skip_tracking":false,"_monsterinsights_sitenote_active":false,"_monsterinsights_sitenote_note":"","_monsterinsights_sitenote_category":0,"_vp_format_video_url":"","_vp_image_focal_point":[],"footnotes":""},"class_list":["post-10880","page","type-page","status-publish","hentry"],"_links":{"self":[{"href":"https:\/\/desarrolloysalud.org\/index.php\/wp-json\/wp\/v2\/pages\/10880","targetHints":{"allow":["GET"]}}],"collection":[{"href":"https:\/\/desarrolloysalud.org\/index.php\/wp-json\/wp\/v2\/pages"}],"about":[{"href":"https:\/\/desarrolloysalud.org\/index.php\/wp-json\/wp\/v2\/types\/page"}],"author":[{"embeddable":true,"href":"https:\/\/desarrolloysalud.org\/index.php\/wp-json\/wp\/v2\/users\/1"}],"replies":[{"embeddable":true,"href":"https:\/\/desarrolloysalud.org\/index.php\/wp-json\/wp\/v2\/comments?post=10880"}],"version-history":[{"count":22,"href":"https:\/\/desarrolloysalud.org\/index.php\/wp-json\/wp\/v2\/pages\/10880\/revisions"}],"predecessor-version":[{"id":10919,"href":"https:\/\/desarrolloysalud.org\/index.php\/wp-json\/wp\/v2\/pages\/10880\/revisions\/10919"}],"wp:attachment":[{"href":"https:\/\/desarrolloysalud.org\/index.php\/wp-json\/wp\/v2\/media?parent=10880"}],"curies":[{"name":"wp","href":"https:\/\/api.w.org\/{rel}","templated":true}]}}