{"id":11174,"date":"2025-07-25T13:17:40","date_gmt":"2025-07-25T19:17:40","guid":{"rendered":"https:\/\/desarrolloysalud.org\/?page_id=11174"},"modified":"2025-08-14T13:47:15","modified_gmt":"2025-08-14T19:47:15","slug":"5-reunion-superioras-2025","status":"publish","type":"page","link":"https:\/\/desarrolloysalud.org\/index.php\/5-reunion-superioras-2025\/","title":{"rendered":"5 REUNION SUPERIORAS 2025"},"content":{"rendered":"\t\t<div data-elementor-type=\"wp-page\" data-elementor-id=\"11174\" class=\"elementor elementor-11174\">\n\t\t\t\t\t\t<section class=\"elementor-section elementor-top-section elementor-element elementor-element-46e754e elementor-section-boxed elementor-section-height-default elementor-section-height-default exad-glass-effect-no exad-sticky-section-no\" data-id=\"46e754e\" data-element_type=\"section\" data-e-type=\"section\">\n\t\t\t\t\t\t<div class=\"elementor-container elementor-column-gap-default\">\n\t\t\t\t\t<div class=\"aux-parallax-section elementor-column elementor-col-50 elementor-top-column elementor-element elementor-element-5d938a5 exad-glass-effect-no exad-sticky-section-no elementor-invisible\" data-id=\"5d938a5\" data-element_type=\"column\" data-e-type=\"column\" data-settings=\"{&quot;background_background&quot;:&quot;classic&quot;,&quot;animation&quot;:&quot;slideInLeft&quot;}\">\n\t\t\t<div class=\"elementor-widget-wrap elementor-element-populated\">\n\t\t\t\t\t\t<div class=\"elementor-element elementor-element-0fa79d5 exad-sticky-section-no exad-glass-effect-no elementor-widget elementor-widget-heading\" data-id=\"0fa79d5\" data-element_type=\"widget\" data-e-type=\"widget\" data-widget_type=\"heading.default\">\n\t\t\t\t<div class=\"elementor-widget-container\">\n\t\t\t\t\t<h2 class=\"elementor-heading-title elementor-size-default\">REUNI\u00d3N DE SUPERIORAS MAYORES<\/h2>\t\t\t\t<\/div>\n\t\t\t\t<\/div>\n\t\t\t\t<div class=\"elementor-element elementor-element-5f12b77 exad-sticky-section-no exad-glass-effect-no elementor-widget elementor-widget-heading\" data-id=\"5f12b77\" data-element_type=\"widget\" data-e-type=\"widget\" data-widget_type=\"heading.default\">\n\t\t\t\t<div class=\"elementor-widget-container\">\n\t\t\t\t\t<h2 class=\"elementor-heading-title elementor-size-default\">\"SUPERIORAS MAYORES EN DI\u00c1LOGO Y DESICI\u00d3N SOBRE LAS INICIATIVAS DSI\"<\/h2>\t\t\t\t<\/div>\n\t\t\t\t<\/div>\n\t\t\t\t\t<\/div>\n\t\t<\/div>\n\t\t\t\t<div class=\"aux-parallax-section elementor-column elementor-col-50 elementor-top-column elementor-element elementor-element-a8428e7 exad-glass-effect-no exad-sticky-section-no elementor-invisible\" data-id=\"a8428e7\" data-element_type=\"column\" data-e-type=\"column\" data-settings=\"{&quot;animation&quot;:&quot;slideInRight&quot;}\">\n\t\t\t<div class=\"elementor-widget-wrap\">\n\t\t\t\t\t\t\t<\/div>\n\t\t<\/div>\n\t\t\t\t\t<\/div>\n\t\t<\/section>\n\t\t\t\t<section class=\"elementor-section elementor-top-section elementor-element elementor-element-b5e7b57 elementor-section-boxed elementor-section-height-default elementor-section-height-default exad-glass-effect-no exad-sticky-section-no elementor-invisible\" data-id=\"b5e7b57\" data-element_type=\"section\" data-e-type=\"section\" data-settings=\"{&quot;animation&quot;:&quot;fadeInLeft&quot;}\">\n\t\t\t\t\t\t<div class=\"elementor-container elementor-column-gap-default\">\n\t\t\t\t\t<div class=\"aux-parallax-section elementor-column elementor-col-50 elementor-top-column elementor-element elementor-element-40b23e0 exad-glass-effect-no exad-sticky-section-no elementor-invisible\" data-id=\"40b23e0\" data-element_type=\"column\" data-e-type=\"column\" data-settings=\"{&quot;animation&quot;:&quot;fadeInLeft&quot;,&quot;animation_delay&quot;:500}\">\n\t\t\t<div class=\"elementor-widget-wrap elementor-element-populated\">\n\t\t\t\t\t\t<div class=\"elementor-element elementor-element-54ba888 exad-sticky-section-no exad-glass-effect-no elementor-widget elementor-widget-text-editor\" data-id=\"54ba888\" data-element_type=\"widget\" data-e-type=\"widget\" data-widget_type=\"text-editor.default\">\n\t\t\t\t<div class=\"elementor-widget-container\">\n\t\t\t\t\t\t\t\t\t<p><strong>Objetivo:<\/strong> Actualizar a las Superioras en los temas centrales de la Oficina y decidir sobre algunas de las iniciativas de DSI.<\/p><ul><li style=\"text-align: left;\">Mapping datos del proceso<\/li><li style=\"text-align: left;\">Mutual de Salud o Programa de Gastos M\u00e9dicos<\/li><li style=\"text-align: left;\">Nuevo proyecto: Asesor\u00eda mejora de calidad de vida para Hermanas Mayores<\/li><li style=\"text-align: left;\">Nueva investigaci\u00f3n: Congregaciones Femeninas y Presb\u00edteros colaborando en diversos campos y condiciones<\/li><\/ul>\t\t\t\t\t\t\t\t<\/div>\n\t\t\t\t<\/div>\n\t\t\t\t<div class=\"elementor-element elementor-element-3b19db1 exad-sticky-section-no exad-glass-effect-no elementor-widget elementor-widget-text-editor\" data-id=\"3b19db1\" data-element_type=\"widget\" data-e-type=\"widget\" data-widget_type=\"text-editor.default\">\n\t\t\t\t<div class=\"elementor-widget-container\">\n\t\t\t\t\t\t\t\t\t<p style=\"text-align: center;\"><strong>Tema formativo:<\/strong> Aportes a los procesos congregacionales de reorganizaci\u00f3n<\/p>\t\t\t\t\t\t\t\t<\/div>\n\t\t\t\t<\/div>\n\t\t\t\t\t<\/div>\n\t\t<\/div>\n\t\t\t\t<div class=\"aux-parallax-section elementor-column elementor-col-50 elementor-top-column elementor-element elementor-element-c21edf5 exad-glass-effect-no exad-sticky-section-no elementor-invisible\" data-id=\"c21edf5\" data-element_type=\"column\" data-e-type=\"column\" data-settings=\"{&quot;animation&quot;:&quot;fadeInRight&quot;,&quot;animation_delay&quot;:900}\">\n\t\t\t<div class=\"elementor-widget-wrap elementor-element-populated\">\n\t\t\t\t\t\t<div class=\"elementor-element elementor-element-771fc5f exad-sticky-section-no exad-glass-effect-no elementor-widget elementor-widget-image\" data-id=\"771fc5f\" data-element_type=\"widget\" data-e-type=\"widget\" data-widget_type=\"image.default\">\n\t\t\t\t<div class=\"elementor-widget-container\">\n\t\t\t\t\t\t\t\t\t\t\t\t\t\t\t<img fetchpriority=\"high\" decoding=\"async\" width=\"493\" height=\"872\" src=\"https:\/\/desarrolloysalud.org\/wp-content\/uploads\/2025\/07\/CIRCULOS.webp\" class=\"attachment-large size-large wp-image-11175\" alt=\"\" \/>\t\t\t\t\t\t\t\t\t\t\t\t\t\t\t<\/div>\n\t\t\t\t<\/div>\n\t\t\t\t\t<\/div>\n\t\t<\/div>\n\t\t\t\t\t<\/div>\n\t\t<\/section>\n\t\t<div class=\"aux-parallax-section elementor-element elementor-element-2f8be1a e-con-full e-flex elementor-invisible e-con e-parent\" data-id=\"2f8be1a\" data-element_type=\"container\" data-e-type=\"container\" data-settings=\"{&quot;animation&quot;:&quot;fadeInLeft&quot;}\">\n\t\t<div class=\"elementor-element elementor-element-34e5a47 e-con-full e-flex elementor-invisible e-con e-child\" data-id=\"34e5a47\" data-element_type=\"container\" data-e-type=\"container\" data-settings=\"{&quot;animation&quot;:&quot;fadeInLeft&quot;,&quot;animation_delay&quot;:500}\">\n\t\t\t\t<div class=\"elementor-element elementor-element-a4dcd17 exad-sticky-section-no exad-glass-effect-no elementor-widget elementor-widget-image\" data-id=\"a4dcd17\" data-element_type=\"widget\" data-e-type=\"widget\" data-widget_type=\"image.default\">\n\t\t\t\t<div class=\"elementor-widget-container\">\n\t\t\t\t\t\t\t\t\t\t\t\t\t\t\t<img decoding=\"async\" width=\"133\" height=\"132\" src=\"https:\/\/desarrolloysalud.org\/wp-content\/uploads\/2025\/07\/presencial.webp\" class=\"attachment-large size-large wp-image-11176\" alt=\"\" \/>\t\t\t\t\t\t\t\t\t\t\t\t\t\t\t<\/div>\n\t\t\t\t<\/div>\n\t\t\t\t<\/div>\n\t\t<div class=\"elementor-element elementor-element-55c652b e-con-full e-flex elementor-invisible e-con e-child\" data-id=\"55c652b\" data-element_type=\"container\" data-e-type=\"container\" data-settings=\"{&quot;animation&quot;:&quot;fadeInLeft&quot;,&quot;animation_delay&quot;:500}\">\n\t\t\t\t<div class=\"elementor-element elementor-element-b505cb2 elementor-widget__width-initial exad-sticky-section-no exad-glass-effect-no elementor-widget elementor-widget-image\" data-id=\"b505cb2\" data-element_type=\"widget\" data-e-type=\"widget\" data-widget_type=\"image.default\">\n\t\t\t\t<div class=\"elementor-widget-container\">\n\t\t\t\t\t\t\t\t\t\t\t\t\t\t\t<img decoding=\"async\" width=\"76\" height=\"68\" src=\"https:\/\/desarrolloysalud.org\/wp-content\/uploads\/2025\/02\/calendar.webp\" class=\"attachment-large size-large wp-image-10212\" alt=\"\" \/>\t\t\t\t\t\t\t\t\t\t\t\t\t\t\t<\/div>\n\t\t\t\t<\/div>\n\t\t\t\t<div class=\"elementor-element elementor-element-c99be23 exad-sticky-section-no exad-glass-effect-no elementor-widget elementor-widget-text-editor\" data-id=\"c99be23\" data-element_type=\"widget\" data-e-type=\"widget\" data-widget_type=\"text-editor.default\">\n\t\t\t\t<div class=\"elementor-widget-container\">\n\t\t\t\t\t\t\t\t\t<p style=\"text-align: center;\"><span style=\"color: #0c3dcf;\"><strong>30 de agosto<\/strong><\/span><br \/><span style=\"color: #0c3dcf;\"><strong>9:00 a.m. a<\/strong><\/span><br \/><span style=\"color: #0c3dcf;\"><strong>18:00 p.m.<\/strong><\/span><\/p>\t\t\t\t\t\t\t\t<\/div>\n\t\t\t\t<\/div>\n\t\t\t\t<\/div>\n\t\t<div class=\"elementor-element elementor-element-431ae67 e-con-full e-flex elementor-invisible e-con e-child\" data-id=\"431ae67\" data-element_type=\"container\" data-e-type=\"container\" data-settings=\"{&quot;animation&quot;:&quot;fadeInLeft&quot;,&quot;animation_delay&quot;:500}\">\n\t\t\t\t<div class=\"elementor-element elementor-element-2fa1a55 exad-sticky-section-no exad-glass-effect-no elementor-widget elementor-widget-image\" data-id=\"2fa1a55\" data-element_type=\"widget\" data-e-type=\"widget\" data-widget_type=\"image.default\">\n\t\t\t\t<div class=\"elementor-widget-container\">\n\t\t\t\t\t\t\t\t\t\t\t\t\t\t\t<img loading=\"lazy\" decoding=\"async\" width=\"131\" height=\"132\" src=\"https:\/\/desarrolloysalud.org\/wp-content\/uploads\/2025\/07\/nuevoqr-reunion.webp\" class=\"attachment-large size-large wp-image-11284\" alt=\"\" \/>\t\t\t\t\t\t\t\t\t\t\t\t\t\t\t<\/div>\n\t\t\t\t<\/div>\n\t\t\t\t<div class=\"elementor-element elementor-element-d321107 exad-sticky-section-no exad-glass-effect-no elementor-widget elementor-widget-text-editor\" data-id=\"d321107\" data-element_type=\"widget\" data-e-type=\"widget\" data-widget_type=\"text-editor.default\">\n\t\t\t\t<div class=\"elementor-widget-container\">\n\t\t\t\t\t\t\t\t\t<p style=\"text-align: center;\"><span style=\"color: #000000;\"><b>\u00a1escan\u00e9ame!<\/b><\/span><\/p>\t\t\t\t\t\t\t\t<\/div>\n\t\t\t\t<\/div>\n\t\t\t\t<\/div>\n\t\t\t\t<\/div>\n\t\t<div class=\"aux-parallax-section elementor-element elementor-element-cf0b111 e-con-full e-flex elementor-invisible e-con e-parent\" data-id=\"cf0b111\" data-element_type=\"container\" data-e-type=\"container\" data-settings=\"{&quot;animation&quot;:&quot;fadeInLeft&quot;}\">\n\t\t<div class=\"elementor-element elementor-element-62be5f8 e-con-full e-flex elementor-invisible e-con e-child\" data-id=\"62be5f8\" data-element_type=\"container\" data-e-type=\"container\" data-settings=\"{&quot;animation&quot;:&quot;fadeInLeft&quot;,&quot;animation_delay&quot;:500}\">\n\t\t\t\t<div class=\"elementor-element elementor-element-2e800f0 exad-sticky-section-no exad-glass-effect-no elementor-widget elementor-widget-image\" data-id=\"2e800f0\" data-element_type=\"widget\" data-e-type=\"widget\" data-widget_type=\"image.default\">\n\t\t\t\t<div class=\"elementor-widget-container\">\n\t\t\t\t\t\t\t\t\t\t\t\t\t\t\t<img loading=\"lazy\" decoding=\"async\" width=\"107\" height=\"107\" src=\"https:\/\/desarrolloysalud.org\/wp-content\/uploads\/2025\/02\/gratuito.webp\" class=\"attachment-large size-large wp-image-10217\" alt=\"\" \/>\t\t\t\t\t\t\t\t\t\t\t\t\t\t\t<\/div>\n\t\t\t\t<\/div>\n\t\t\t\t<\/div>\n\t\t<div class=\"elementor-element elementor-element-ad7fdfc e-con-full e-flex elementor-invisible e-con e-child\" data-id=\"ad7fdfc\" data-element_type=\"container\" data-e-type=\"container\" data-settings=\"{&quot;animation&quot;:&quot;fadeInLeft&quot;,&quot;animation_delay&quot;:500}\">\n\t\t\t\t<div class=\"elementor-element elementor-element-908fe81 exad-sticky-section-no exad-glass-effect-no elementor-widget elementor-widget-heading\" data-id=\"908fe81\" data-element_type=\"widget\" data-e-type=\"widget\" data-widget_type=\"heading.default\">\n\t\t\t\t<div class=\"elementor-widget-container\">\n\t\t\t\t\t<h2 class=\"elementor-heading-title elementor-size-default\">Accede por medio del link  aqu\u00ed o el c\u00f3digo QR<\/h2>\t\t\t\t<\/div>\n\t\t\t\t<\/div>\n\t\t\t\t<\/div>\n\t\t<div class=\"elementor-element elementor-element-16f23c8 e-con-full e-flex elementor-invisible e-con e-child\" data-id=\"16f23c8\" data-element_type=\"container\" data-e-type=\"container\" data-settings=\"{&quot;animation&quot;:&quot;fadeInLeft&quot;,&quot;animation_delay&quot;:500}\">\n\t\t\t\t<div class=\"elementor-element elementor-element-fa36ed1 exad-sticky-section-no exad-glass-effect-no elementor-widget elementor-widget-heading\" data-id=\"fa36ed1\" data-element_type=\"widget\" data-e-type=\"widget\" data-widget_type=\"heading.default\">\n\t\t\t\t<div class=\"elementor-widget-container\">\n\t\t\t\t\t<h2 class=\"elementor-heading-title elementor-size-default\"><a href=\"https:\/\/docs.google.com\/forms\/d\/e\/1FAIpQLSfRtBa3mPNjs-8MMEf3Pwm0gyXsA_jhrEsFqCQLQzvxkfebjg\/viewform\">5a. Reuni\u00f3n de Superiores Mayores<\/a><\/h2>\t\t\t\t<\/div>\n\t\t\t\t<\/div>\n\t\t\t\t<\/div>\n\t\t\t\t<\/div>\n\t\t<div class=\"aux-parallax-section elementor-element elementor-element-3cb10cd e-con-full e-flex e-con e-parent\" data-id=\"3cb10cd\" data-element_type=\"container\" data-e-type=\"container\">\n\t\t<div class=\"elementor-element elementor-element-7307d3b e-con-full e-flex e-con e-child\" data-id=\"7307d3b\" data-element_type=\"container\" data-e-type=\"container\">\n\t\t\t\t<div class=\"elementor-element elementor-element-b9c7f0d exad-sticky-section-no exad-glass-effect-no elementor-widget elementor-widget-image\" data-id=\"b9c7f0d\" data-element_type=\"widget\" data-e-type=\"widget\" data-widget_type=\"image.default\">\n\t\t\t\t<div class=\"elementor-widget-container\">\n\t\t\t\t\t\t\t\t\t\t\t\t\t\t\t<img loading=\"lazy\" decoding=\"async\" width=\"1400\" height=\"389\" src=\"https:\/\/desarrolloysalud.org\/wp-content\/uploads\/2025\/07\/plecaRENINON2.webp\" class=\"attachment-full size-full wp-image-11192\" alt=\"\" srcset=\"https:\/\/desarrolloysalud.org\/wp-content\/uploads\/2025\/07\/plecaRENINON2.webp 1400w, https:\/\/desarrolloysalud.org\/wp-content\/uploads\/2025\/07\/plecaRENINON2-500x139.webp 500w, https:\/\/desarrolloysalud.org\/wp-content\/uploads\/2025\/07\/plecaRENINON2-800x222.webp 800w, https:\/\/desarrolloysalud.org\/wp-content\/uploads\/2025\/07\/plecaRENINON2-1280x356.webp 1280w\" sizes=\"(max-width: 1400px) 100vw, 1400px\" \/>\t\t\t\t\t\t\t\t\t\t\t\t\t\t\t<\/div>\n\t\t\t\t<\/div>\n\t\t\t\t<\/div>\n\t\t\t\t<\/div>\n\t\t<div class=\"aux-parallax-section elementor-element elementor-element-e79a1da e-con-full bdt-backdrop-filter-yes e-flex bdt-filter-backdrop e-con e-parent\" data-id=\"e79a1da\" data-element_type=\"container\" data-e-type=\"container\" data-settings=\"{&quot;background_background&quot;:&quot;classic&quot;}\">\n\t\t<div class=\"elementor-element elementor-element-271f552 e-con-full e-flex e-con e-child\" data-id=\"271f552\" data-element_type=\"container\" data-e-type=\"container\">\n\t\t<div class=\"elementor-element elementor-element-0413871 e-con-full bdt-backdrop-filter-yes e-flex bdt-filter-backdrop e-con e-child\" data-id=\"0413871\" data-element_type=\"container\" data-e-type=\"container\" data-settings=\"{&quot;background_background&quot;:&quot;classic&quot;}\">\n\t\t\t\t<div class=\"elementor-element elementor-element-65c5366 exad-sticky-section-no exad-glass-effect-no elementor-widget elementor-widget-heading\" data-id=\"65c5366\" data-element_type=\"widget\" data-e-type=\"widget\" data-widget_type=\"heading.default\">\n\t\t\t\t<div class=\"elementor-widget-container\">\n\t\t\t\t\t<h2 class=\"elementor-heading-title elementor-size-default\">COMUNICARSE<\/h2>\t\t\t\t<\/div>\n\t\t\t\t<\/div>\n\t\t\t\t<\/div>\n\t\t<div class=\"elementor-element elementor-element-4437445 e-con-full e-flex e-con e-child\" data-id=\"4437445\" data-element_type=\"container\" data-e-type=\"container\">\n\t\t\t\t<div class=\"elementor-element elementor-element-cc89f50 elementor-widget__width-initial exad-sticky-section-no exad-glass-effect-no elementor-widget elementor-widget-image\" data-id=\"cc89f50\" data-element_type=\"widget\" data-e-type=\"widget\" data-widget_type=\"image.default\">\n\t\t\t\t<div class=\"elementor-widget-container\">\n\t\t\t\t\t\t\t\t\t\t\t\t\t\t\t<img loading=\"lazy\" decoding=\"async\" width=\"83\" height=\"84\" src=\"https:\/\/desarrolloysalud.org\/wp-content\/uploads\/2024\/03\/whatsazul.png\" class=\"attachment-thumbnail size-thumbnail wp-image-7082\" alt=\"\" \/>\t\t\t\t\t\t\t\t\t\t\t\t\t\t\t<\/div>\n\t\t\t\t<\/div>\n\t\t\t\t<\/div>\n\t\t<div class=\"elementor-element elementor-element-aab2436 e-con-full e-flex e-con e-child\" data-id=\"aab2436\" data-element_type=\"container\" data-e-type=\"container\">\n\t\t\t\t<div class=\"elementor-element elementor-element-9af1c36 elementor-widget__width-initial exad-sticky-section-no exad-glass-effect-no elementor-widget elementor-widget-heading\" data-id=\"9af1c36\" data-element_type=\"widget\" data-e-type=\"widget\" data-widget_type=\"heading.default\">\n\t\t\t\t<div class=\"elementor-widget-container\">\n\t\t\t\t\t<h2 class=\"elementor-heading-title elementor-size-default\"><a href=\"https:\/\/wa.me\/5513351986\">(55) 1335-1986<\/a><\/h2>\t\t\t\t<\/div>\n\t\t\t\t<\/div>\n\t\t\t\t<\/div>\n\t\t\t\t<\/div>\n\t\t\t\t<\/div>\n\t\t\t\t<\/div>\n\t\t","protected":false},"excerpt":{"rendered":"<p>REUNI\u00d3N DE SUPERIORAS MAYORES &#8220;SUPERIORAS MAYORES EN DI\u00c1LOGO Y DESICI\u00d3N SOBRE LAS INICIATIVAS DSI&#8221; Objetivo: Actualizar a las Superioras en los temas centrales de la Oficina y decidir sobre algunas de las iniciativas de DSI. Mapping datos del proceso Mutual de Salud o Programa de Gastos M\u00e9dicos Nuevo proyecto: Asesor\u00eda mejora de calidad de vida [&hellip;]<\/p>\n","protected":false},"author":1,"featured_media":0,"parent":0,"menu_order":0,"comment_status":"closed","ping_status":"closed","template":"","meta":{"_monsterinsights_skip_tracking":false,"_monsterinsights_sitenote_active":false,"_monsterinsights_sitenote_note":"","_monsterinsights_sitenote_category":0,"_vp_format_video_url":"","_vp_image_focal_point":[],"footnotes":""},"class_list":["post-11174","page","type-page","status-publish","hentry"],"_links":{"self":[{"href":"https:\/\/desarrolloysalud.org\/index.php\/wp-json\/wp\/v2\/pages\/11174","targetHints":{"allow":["GET"]}}],"collection":[{"href":"https:\/\/desarrolloysalud.org\/index.php\/wp-json\/wp\/v2\/pages"}],"about":[{"href":"https:\/\/desarrolloysalud.org\/index.php\/wp-json\/wp\/v2\/types\/page"}],"author":[{"embeddable":true,"href":"https:\/\/desarrolloysalud.org\/index.php\/wp-json\/wp\/v2\/users\/1"}],"replies":[{"embeddable":true,"href":"https:\/\/desarrolloysalud.org\/index.php\/wp-json\/wp\/v2\/comments?post=11174"}],"version-history":[{"count":34,"href":"https:\/\/desarrolloysalud.org\/index.php\/wp-json\/wp\/v2\/pages\/11174\/revisions"}],"predecessor-version":[{"id":11324,"href":"https:\/\/desarrolloysalud.org\/index.php\/wp-json\/wp\/v2\/pages\/11174\/revisions\/11324"}],"wp:attachment":[{"href":"https:\/\/desarrolloysalud.org\/index.php\/wp-json\/wp\/v2\/media?parent=11174"}],"curies":[{"name":"wp","href":"https:\/\/api.w.org\/{rel}","templated":true}]}}