{"id":342,"date":"2023-02-13T03:01:00","date_gmt":"2023-02-13T09:01:00","guid":{"rendered":"https:\/\/desarrolloysalud.org\/?page_id=342"},"modified":"2023-10-30T19:03:28","modified_gmt":"2023-10-31T01:03:28","slug":"participanes-de-la-beca","status":"publish","type":"page","link":"https:\/\/desarrolloysalud.org\/index.php\/participanes-de-la-beca\/","title":{"rendered":"Participanes de la beca"},"content":{"rendered":"\t\t<div data-elementor-type=\"wp-page\" data-elementor-id=\"342\" class=\"elementor elementor-342\">\n\t\t\t\t\t\t<section class=\"elementor-section elementor-top-section elementor-element elementor-element-7e24820 elementor-section-boxed elementor-section-height-default elementor-section-height-default exad-glass-effect-no exad-sticky-section-no\" data-id=\"7e24820\" data-element_type=\"section\" data-e-type=\"section\">\n\t\t\t\t\t\t<div class=\"elementor-container elementor-column-gap-default\">\n\t\t\t\t\t<div class=\"aux-parallax-section elementor-column elementor-col-100 elementor-top-column elementor-element elementor-element-1b67834 exad-glass-effect-no exad-sticky-section-no\" data-id=\"1b67834\" data-element_type=\"column\" data-e-type=\"column\">\n\t\t\t<div class=\"elementor-widget-wrap elementor-element-populated\">\n\t\t\t\t\t\t<div class=\"elementor-element elementor-element-bb416c8 exad-sticky-section-no exad-glass-effect-no elementor-widget elementor-widget-heading\" data-id=\"bb416c8\" data-element_type=\"widget\" data-e-type=\"widget\" data-widget_type=\"heading.default\">\n\t\t\t\t<div class=\"elementor-widget-container\">\n\t\t\t\t\t<h2 class=\"elementor-heading-title elementor-size-default\">Curso: Hermanas Envejeciendo Saludablemente y Juntas<\/h2>\t\t\t\t<\/div>\n\t\t\t\t<\/div>\n\t\t\t\t\t<\/div>\n\t\t<\/div>\n\t\t\t\t\t<\/div>\n\t\t<\/section>\n\t\t\t\t<section class=\"elementor-section elementor-top-section elementor-element elementor-element-2e9061d elementor-section-boxed elementor-section-height-default elementor-section-height-default exad-glass-effect-no exad-sticky-section-no\" data-id=\"2e9061d\" data-element_type=\"section\" data-e-type=\"section\">\n\t\t\t\t\t\t<div class=\"elementor-container elementor-column-gap-default\">\n\t\t\t\t\t<div class=\"aux-parallax-section elementor-column elementor-col-50 elementor-top-column elementor-element elementor-element-62cd197 exad-glass-effect-no exad-sticky-section-no\" data-id=\"62cd197\" data-element_type=\"column\" data-e-type=\"column\">\n\t\t\t<div class=\"elementor-widget-wrap elementor-element-populated\">\n\t\t\t\t\t\t<div class=\"elementor-element elementor-element-979838e exad-sticky-section-no exad-glass-effect-no elementor-widget elementor-widget-image\" data-id=\"979838e\" data-element_type=\"widget\" data-e-type=\"widget\" data-widget_type=\"image.default\">\n\t\t\t\t<div class=\"elementor-widget-container\">\n\t\t\t\t\t\t\t\t\t\t\t\t\t\t\t<img fetchpriority=\"high\" decoding=\"async\" width=\"742\" height=\"757\" src=\"https:\/\/desarrolloysalud.org\/wp-content\/uploads\/2023\/10\/curso_hermanas_envejeciendo-ok.jpg\" class=\"attachment-large size-large wp-image-6081\" alt=\"\" srcset=\"https:\/\/desarrolloysalud.org\/wp-content\/uploads\/2023\/10\/curso_hermanas_envejeciendo-ok.jpg 742w, https:\/\/desarrolloysalud.org\/wp-content\/uploads\/2023\/10\/curso_hermanas_envejeciendo-ok-500x510.jpg 500w\" sizes=\"(max-width: 742px) 100vw, 742px\" \/>\t\t\t\t\t\t\t\t\t\t\t\t\t\t\t<\/div>\n\t\t\t\t<\/div>\n\t\t\t\t\t<\/div>\n\t\t<\/div>\n\t\t\t\t<div class=\"aux-parallax-section elementor-column elementor-col-50 elementor-top-column elementor-element elementor-element-813b24c exad-glass-effect-no exad-sticky-section-no\" data-id=\"813b24c\" data-element_type=\"column\" data-e-type=\"column\">\n\t\t\t<div class=\"elementor-widget-wrap elementor-element-populated\">\n\t\t\t\t\t\t<div class=\"elementor-element elementor-element-1e340d7 exad-sticky-section-no exad-glass-effect-no elementor-widget elementor-widget-text-editor\" data-id=\"1e340d7\" data-element_type=\"widget\" data-e-type=\"widget\" data-widget_type=\"text-editor.default\">\n\t\t\t\t<div class=\"elementor-widget-container\">\n\t\t\t\t\t\t\t\t\t<p><span style=\"color: #064499;\"><strong>Taller<\/strong><\/span>: Hermanas Envejeciendo Saludablemente y Juntas<\/p><p><span style=\"color: #064499;\"><strong>Facilitadoras<\/strong><\/span>: Religiosas participantes de la beca del Instituto Avila de Gerontolog\u00eda de Nueva York, USA<\/p><ul><li style=\"list-style-type: none;\"><ul><li>Arcadia Rivera Guti\u00e9rrez, HSMG<\/li><li>Hna. Gabriela Silva Sch\u00fctte, RSCJ<\/li><li>Hna. Laura Cecilia Vel\u00e1zquez Alcal\u00e1, HMIG<\/li><\/ul><\/li><\/ul><p><span style=\"color: #064499;\">\u00a0<\/span><strong><span style=\"color: #064499;\">Dirigido a<\/span>:<\/strong> Religiosas y laicos<\/p><p><span style=\"color: #064499;\"><strong><em>Pr\u00f3ximamente m\u00e1s informaci\u00f3n <\/em><\/strong><\/span><\/p>\t\t\t\t\t\t\t\t<\/div>\n\t\t\t\t<\/div>\n\t\t\t\t\t<\/div>\n\t\t<\/div>\n\t\t\t\t\t<\/div>\n\t\t<\/section>\n\t\t\t\t<\/div>\n\t\t","protected":false},"excerpt":{"rendered":"<p>Curso: Hermanas Envejeciendo Saludablemente y Juntas Taller: Hermanas Envejeciendo Saludablemente y Juntas Facilitadoras: Religiosas participantes de la beca del Instituto Avila de Gerontolog\u00eda de Nueva York, USA Arcadia Rivera Guti\u00e9rrez, HSMG Hna. Gabriela Silva Sch\u00fctte, RSCJ Hna. Laura Cecilia Vel\u00e1zquez Alcal\u00e1, HMIG \u00a0Dirigido a: Religiosas y laicos Pr\u00f3ximamente m\u00e1s informaci\u00f3n<\/p>\n","protected":false},"author":1,"featured_media":0,"parent":0,"menu_order":0,"comment_status":"closed","ping_status":"closed","template":"","meta":{"_monsterinsights_skip_tracking":false,"_monsterinsights_sitenote_active":false,"_monsterinsights_sitenote_note":"","_monsterinsights_sitenote_category":0,"_vp_format_video_url":"","_vp_image_focal_point":[],"footnotes":""},"class_list":["post-342","page","type-page","status-publish","hentry"],"_links":{"self":[{"href":"https:\/\/desarrolloysalud.org\/index.php\/wp-json\/wp\/v2\/pages\/342","targetHints":{"allow":["GET"]}}],"collection":[{"href":"https:\/\/desarrolloysalud.org\/index.php\/wp-json\/wp\/v2\/pages"}],"about":[{"href":"https:\/\/desarrolloysalud.org\/index.php\/wp-json\/wp\/v2\/types\/page"}],"author":[{"embeddable":true,"href":"https:\/\/desarrolloysalud.org\/index.php\/wp-json\/wp\/v2\/users\/1"}],"replies":[{"embeddable":true,"href":"https:\/\/desarrolloysalud.org\/index.php\/wp-json\/wp\/v2\/comments?post=342"}],"version-history":[{"count":49,"href":"https:\/\/desarrolloysalud.org\/index.php\/wp-json\/wp\/v2\/pages\/342\/revisions"}],"predecessor-version":[{"id":6091,"href":"https:\/\/desarrolloysalud.org\/index.php\/wp-json\/wp\/v2\/pages\/342\/revisions\/6091"}],"wp:attachment":[{"href":"https:\/\/desarrolloysalud.org\/index.php\/wp-json\/wp\/v2\/media?parent=342"}],"curies":[{"name":"wp","href":"https:\/\/api.w.org\/{rel}","templated":true}]}}