{"id":7530,"date":"2024-04-22T19:08:38","date_gmt":"2024-04-23T01:08:38","guid":{"rendered":"https:\/\/desarrolloysalud.org\/?page_id=7530"},"modified":"2026-01-20T21:24:08","modified_gmt":"2026-01-21T03:24:08","slug":"minisitio-superioras-home","status":"publish","type":"page","link":"https:\/\/desarrolloysalud.org\/index.php\/minisitio-superioras-home\/","title":{"rendered":"Minisitio Superioras &#8211; home"},"content":{"rendered":"\t\t<div data-elementor-type=\"wp-page\" data-elementor-id=\"7530\" class=\"elementor elementor-7530\">\n\t\t\t\t\t\t<section class=\"elementor-section elementor-top-section elementor-element elementor-element-c597f5a elementor-section-boxed elementor-section-height-default elementor-section-height-default exad-glass-effect-no exad-sticky-section-no\" data-id=\"c597f5a\" data-element_type=\"section\" data-e-type=\"section\">\n\t\t\t\t\t\t<div class=\"elementor-container elementor-column-gap-default\">\n\t\t\t\t\t<div class=\"aux-parallax-section elementor-column elementor-col-100 elementor-top-column elementor-element elementor-element-bf6fd53 exad-glass-effect-no exad-sticky-section-no\" data-id=\"bf6fd53\" data-element_type=\"column\" data-e-type=\"column\">\n\t\t\t<div class=\"elementor-widget-wrap elementor-element-populated\">\n\t\t\t\t\t\t<div class=\"elementor-element elementor-element-2030d84 exad-sticky-section-no exad-glass-effect-no elementor-widget elementor-widget-image\" data-id=\"2030d84\" data-element_type=\"widget\" data-e-type=\"widget\" data-widget_type=\"image.default\">\n\t\t\t\t<div class=\"elementor-widget-container\">\n\t\t\t\t\t\t\t\t\t\t\t\t\t\t\t<img decoding=\"async\" width=\"400\" height=\"114\" src=\"https:\/\/desarrolloysalud.org\/wp-content\/uploads\/2023\/03\/LOGO400.png\" class=\"attachment-large size-large wp-image-3640\" alt=\"\" \/>\t\t\t\t\t\t\t\t\t\t\t\t\t\t\t<\/div>\n\t\t\t\t<\/div>\n\t\t\t\t\t<\/div>\n\t\t<\/div>\n\t\t\t\t\t<\/div>\n\t\t<\/section>\n\t\t\t\t<section class=\"elementor-section elementor-top-section elementor-element elementor-element-8a21558 elementor-section-boxed elementor-section-height-default elementor-section-height-default exad-glass-effect-no exad-sticky-section-no\" data-id=\"8a21558\" data-element_type=\"section\" data-e-type=\"section\">\n\t\t\t\t\t\t<div class=\"elementor-container elementor-column-gap-default\">\n\t\t\t\t\t<div class=\"aux-parallax-section elementor-column elementor-col-50 elementor-top-column elementor-element elementor-element-0c05722 exad-glass-effect-no exad-sticky-section-no\" data-id=\"0c05722\" data-element_type=\"column\" data-e-type=\"column\" data-settings=\"{&quot;background_background&quot;:&quot;classic&quot;}\">\n\t\t\t<div class=\"elementor-widget-wrap elementor-element-populated\">\n\t\t\t\t\t\t<div class=\"elementor-element elementor-element-3807dd5 exad-sticky-section-no exad-glass-effect-no elementor-widget elementor-widget-heading\" data-id=\"3807dd5\" data-element_type=\"widget\" data-e-type=\"widget\" data-widget_type=\"heading.default\">\n\t\t\t\t<div class=\"elementor-widget-container\">\n\t\t\t\t\t<h3 class=\"elementor-heading-title elementor-size-default\"><a href=\"https:\/\/desarrolloysalud.org\/index.php\/minisitio-superioras-documentos\/\">Documentos Tercera Reuni\u00f3n de Superioras.<\/a><\/h3>\t\t\t\t<\/div>\n\t\t\t\t<\/div>\n\t\t\t\t\t<\/div>\n\t\t<\/div>\n\t\t\t\t<div class=\"aux-parallax-section elementor-column elementor-col-50 elementor-top-column elementor-element elementor-element-429508a exad-glass-effect-no exad-sticky-section-no\" data-id=\"429508a\" data-element_type=\"column\" data-e-type=\"column\" data-settings=\"{&quot;background_background&quot;:&quot;classic&quot;}\">\n\t\t\t<div class=\"elementor-widget-wrap elementor-element-populated\">\n\t\t\t\t\t\t<div class=\"elementor-element elementor-element-037912b exad-sticky-section-no exad-glass-effect-no elementor-widget elementor-widget-heading\" data-id=\"037912b\" data-element_type=\"widget\" data-e-type=\"widget\" data-widget_type=\"heading.default\">\n\t\t\t\t<div class=\"elementor-widget-container\">\n\t\t\t\t\t<h3 class=\"elementor-heading-title elementor-size-default\"><a href=\"https:\/\/desarrolloysalud.org\/index.php\/minisitio-superioras-fortalecimiento\/\">Taller: Fortalecimiento Institucional<\/a><\/h3>\t\t\t\t<\/div>\n\t\t\t\t<\/div>\n\t\t\t\t\t<\/div>\n\t\t<\/div>\n\t\t\t\t\t<\/div>\n\t\t<\/section>\n\t\t\t\t<section class=\"elementor-section elementor-top-section elementor-element elementor-element-945e598 elementor-section-boxed elementor-section-height-default elementor-section-height-default exad-glass-effect-no exad-sticky-section-no\" data-id=\"945e598\" data-element_type=\"section\" data-e-type=\"section\">\n\t\t\t\t\t\t<div class=\"elementor-container elementor-column-gap-default\">\n\t\t\t\t\t<div class=\"aux-parallax-section elementor-column elementor-col-100 elementor-top-column elementor-element elementor-element-555c702 exad-glass-effect-no exad-sticky-section-no\" data-id=\"555c702\" data-element_type=\"column\" data-e-type=\"column\">\n\t\t\t<div class=\"elementor-widget-wrap elementor-element-populated\">\n\t\t\t\t\t\t<div class=\"elementor-element elementor-element-6ca359e exad-sticky-section-no exad-glass-effect-no elementor-widget elementor-widget-text-editor\" data-id=\"6ca359e\" data-element_type=\"widget\" data-e-type=\"widget\" data-widget_type=\"text-editor.default\">\n\t\t\t\t<div class=\"elementor-widget-container\">\n\t\t\t\t\t\t\t\t\t<p style=\"text-align: center;\"><a href=\"https:\/\/desarrolloysalud.org\/\">Visitar sitio principal\u00a0<\/a><\/p>\t\t\t\t\t\t\t\t<\/div>\n\t\t\t\t<\/div>\n\t\t\t\t\t<\/div>\n\t\t<\/div>\n\t\t\t\t\t<\/div>\n\t\t<\/section>\n\t\t<div class=\"aux-parallax-section elementor-element elementor-element-b452a1d e-con-full e-flex elementor-invisible e-con e-parent\" data-id=\"b452a1d\" data-element_type=\"container\" data-e-type=\"container\" data-settings=\"{&quot;animation&quot;:&quot;fadeInUp&quot;}\">\n\t\t<div class=\"elementor-element elementor-element-79b8b37 e-con-full e-flex e-con e-child\" data-id=\"79b8b37\" data-element_type=\"container\" data-e-type=\"container\">\n\t\t\t\t<div data-ep-wrapper-link=\"{&quot;url&quot;:&quot;https:\\\/\\\/desarrolloysalud.org\\\/index.php\\\/5-reunion-superioras-2025\\\/&quot;,&quot;is_external&quot;:&quot;&quot;,&quot;nofollow&quot;:&quot;&quot;,&quot;custom_attributes&quot;:&quot;&quot;}\" style=\"cursor: pointer\" class=\"bdt-element-link elementor-element elementor-element-3169684 exad-sticky-section-no exad-glass-effect-no elementor-widget elementor-widget-aux_text\" data-id=\"3169684\" data-element_type=\"widget\" data-e-type=\"widget\" data-widget_type=\"aux_text.default\">\n\t\t\t\t<div class=\"elementor-widget-container\">\n\t\t\t\t\t<section class=\"widget-container aux-widget-text aux-parent-au31d7cbfe\">        <div class=\"aux-widget-advanced-text aux-wrap-style-simple aux-ico-pos-top aux-text-center aux-text-resp- aux-text-color-dark aux-text-widget-bg-center aux-text-no-content \" >\n        \n                            <div class=\"aux-text-widget-header \"  >\n                        <div class=\"aux-ico-box aux-ico-large aux-img-box aux-ico-shape-round-rect aux-ico-clear \">\n                                                                <img fetchpriority=\"high\" decoding=\"async\" width=\"300\" height=\"300\" src=\"https:\/\/desarrolloysalud.org\/wp-content\/uploads\/2026\/01\/5areuinon-300x300.webp\" class=\"aux-attachment aux-featured-image aux-attachment-id-12118\" alt=\"5areuinon\" srcset=\"https:\/\/desarrolloysalud.org\/wp-content\/uploads\/2026\/01\/5areuinon-150x150.webp 150w,https:\/\/desarrolloysalud.org\/wp-content\/uploads\/2026\/01\/5areuinon-300x300.webp 300w,https:\/\/desarrolloysalud.org\/wp-content\/uploads\/2026\/01\/5areuinon-300x300.webp 300w\" data-ratio=\"1\" data-original-w=\"351\" \/>                                                    <\/div>\n                <\/div>\n            \n            <div class=\"aux-text-inner aux-text-widget-content\">\n                                <h4 class=\"col-title\"><a href=\"https:\/\/desarrolloysalud.org\/index.php\/5-reunion-superioras-2025\/\">5a. Reuni\u00f3n de Superioras Mayores<\/a><\/h4>\n                <a  href=\"https:\/\/desarrolloysalud.org\/index.php\/5-reunion-superioras-2025\/\" target=\"_self\"   class=\"aux-button aux-medium aux-east-bay aux-curve aux-outline\" ><span class=\"aux-overlay\"><\/span><span class=\"aux-text\">Leer m\u00e1s<\/span><\/a>            <\/div>\n        <\/div>\n                    <div class=\"aux-text-widget-footer\">\n                <div class=\"aux-border-shape-none \">\n                                <\/div>\n            <\/div>\n        \n<\/section><!-- widget-container -->\t\t\t\t<\/div>\n\t\t\t\t<\/div>\n\t\t\t\t<\/div>\n\t\t<div class=\"elementor-element elementor-element-9790263 e-con-full e-flex e-con e-child\" data-id=\"9790263\" data-element_type=\"container\" data-e-type=\"container\">\n\t\t\t\t<div data-ep-wrapper-link=\"{&quot;url&quot;:&quot;https:\\\/\\\/desarrolloysalud.org\\\/index.php\\\/tercer-encuentro-de-superioras-mayores-o-delegadas\\\/&quot;,&quot;is_external&quot;:&quot;&quot;,&quot;nofollow&quot;:&quot;&quot;,&quot;custom_attributes&quot;:&quot;&quot;}\" style=\"cursor: pointer\" class=\"bdt-element-link elementor-element elementor-element-3701ac9 exad-sticky-section-no exad-glass-effect-no elementor-widget elementor-widget-aux_text\" data-id=\"3701ac9\" data-element_type=\"widget\" data-e-type=\"widget\" data-widget_type=\"aux_text.default\">\n\t\t\t\t<div class=\"elementor-widget-container\">\n\t\t\t\t\t<section class=\"widget-container aux-widget-text aux-parent-au07465a25\">        <div class=\"aux-widget-advanced-text aux-wrap-style-simple aux-ico-pos-top aux-text-center aux-text-resp- aux-text-color-dark aux-text-widget-bg-center aux-text-no-content \" >\n        \n                            <div class=\"aux-text-widget-header \"  >\n                        <div class=\"aux-ico-box aux-ico-large aux-img-box aux-ico-shape-round-rect aux-ico-clear \">\n                                                                <img decoding=\"async\" width=\"300\" height=\"300\" src=\"https:\/\/desarrolloysalud.org\/wp-content\/uploads\/2026\/01\/4a-reunion-300x300.webp\" class=\"aux-attachment aux-featured-image aux-attachment-id-12117\" alt=\"4a-reunion\" srcset=\"https:\/\/desarrolloysalud.org\/wp-content\/uploads\/2026\/01\/4a-reunion-150x150.webp 150w,https:\/\/desarrolloysalud.org\/wp-content\/uploads\/2026\/01\/4a-reunion-300x300.webp 300w,https:\/\/desarrolloysalud.org\/wp-content\/uploads\/2026\/01\/4a-reunion-300x300.webp 300w\" data-ratio=\"1\" data-original-w=\"351\" \/>                                                    <\/div>\n                <\/div>\n            \n            <div class=\"aux-text-inner aux-text-widget-content\">\n                                <h4 class=\"col-title\"><a href=\"https:\/\/desarrolloysalud.org\/index.php\/4er-reunion-de-superioras-mayores\/\">4\u00aa Reuni\u00f3n de Superioras Mayores<\/a><\/h4>\n                <a  href=\"https:\/\/desarrolloysalud.org\/index.php\/4er-reunion-de-superioras-mayores\/\" target=\"_self\"   class=\"aux-button aux-medium aux-steel-blue aux-curve aux-outline\" ><span class=\"aux-overlay\"><\/span><span class=\"aux-text\">Leer m\u00e1s<\/span><\/a>            <\/div>\n        <\/div>\n                    <div class=\"aux-text-widget-footer\">\n                <div class=\"aux-border-shape-none \">\n                                <\/div>\n            <\/div>\n        \n<\/section><!-- widget-container -->\t\t\t\t<\/div>\n\t\t\t\t<\/div>\n\t\t\t\t<\/div>\n\t\t<div class=\"elementor-element elementor-element-97d237f e-con-full e-flex e-con e-child\" data-id=\"97d237f\" data-element_type=\"container\" data-e-type=\"container\">\n\t\t\t\t<div data-ep-wrapper-link=\"{&quot;url&quot;:&quot;https:\\\/\\\/desarrolloysalud.org\\\/index.php\\\/reunion-superioras-2025\\\/&quot;,&quot;is_external&quot;:&quot;&quot;,&quot;nofollow&quot;:&quot;&quot;,&quot;custom_attributes&quot;:&quot;&quot;}\" style=\"cursor: pointer\" class=\"bdt-element-link elementor-element elementor-element-ebe481e exad-sticky-section-no exad-glass-effect-no elementor-widget elementor-widget-aux_text\" data-id=\"ebe481e\" data-element_type=\"widget\" data-e-type=\"widget\" data-widget_type=\"aux_text.default\">\n\t\t\t\t<div class=\"elementor-widget-container\">\n\t\t\t\t\t<section class=\"widget-container aux-widget-text aux-parent-au9ee9e1ea\">        <div class=\"aux-widget-advanced-text aux-wrap-style-simple aux-ico-pos-top aux-text-center aux-text-resp- aux-text-color-dark aux-text-widget-bg-center aux-text-no-content \" >\n        \n                            <div class=\"aux-text-widget-header \"  >\n                        <div class=\"aux-ico-box aux-ico-large aux-img-box aux-ico-shape-round-rect aux-ico-clear \">\n                                                                <img loading=\"lazy\" decoding=\"async\" width=\"300\" height=\"300\" src=\"https:\/\/desarrolloysalud.org\/wp-content\/uploads\/2025\/02\/circulo-reunion-sup-300x300.webp\" class=\"aux-attachment aux-featured-image aux-attachment-id-10227\" alt=\"circulo-reunion-sup\" srcset=\"https:\/\/desarrolloysalud.org\/wp-content\/uploads\/2025\/02\/circulo-reunion-sup-150x150.webp 150w,https:\/\/desarrolloysalud.org\/wp-content\/uploads\/2025\/02\/circulo-reunion-sup-300x300.webp 300w,https:\/\/desarrolloysalud.org\/wp-content\/uploads\/2025\/02\/circulo-reunion-sup-300x300.webp 300w\" data-ratio=\"1\" data-original-w=\"350\" \/>                                                    <\/div>\n                <\/div>\n            \n            <div class=\"aux-text-inner aux-text-widget-content\">\n                                <h4 class=\"col-title\"><a href=\"https:\/\/desarrolloysalud.org\/index.php\/reunion-superioras-2025\/\">Reuni\u00f3n de Superioras Mayores<\/a><\/h4>\n                <a  href=\"https:\/\/desarrolloysalud.org\/index.php\/reunion-superioras-2025\/\" target=\"_self\"   class=\"aux-button aux-medium aux-east-bay aux-curve aux-outline\" ><span class=\"aux-overlay\"><\/span><span class=\"aux-text\">Leer m\u00e1s<\/span><\/a>            <\/div>\n        <\/div>\n                    <div class=\"aux-text-widget-footer\">\n                <div class=\"aux-border-shape-none \">\n                                <\/div>\n            <\/div>\n        \n<\/section><!-- widget-container -->\t\t\t\t<\/div>\n\t\t\t\t<\/div>\n\t\t\t\t<\/div>\n\t\t\t\t<\/div>\n\t\t<div class=\"aux-parallax-section elementor-element elementor-element-01c1ccc e-con-full e-flex elementor-invisible e-con e-parent\" data-id=\"01c1ccc\" data-element_type=\"container\" data-e-type=\"container\" data-settings=\"{&quot;animation&quot;:&quot;fadeInUp&quot;}\">\n\t\t<div class=\"elementor-element elementor-element-96d9692 e-con-full e-flex e-con e-child\" data-id=\"96d9692\" data-element_type=\"container\" data-e-type=\"container\">\n\t\t\t\t<div data-ep-wrapper-link=\"{&quot;url&quot;:&quot;https:\\\/\\\/desarrolloysalud.org\\\/index.php\\\/tercer-encuentro-de-superioras-mayores-o-delegadas\\\/&quot;,&quot;is_external&quot;:&quot;&quot;,&quot;nofollow&quot;:&quot;&quot;,&quot;custom_attributes&quot;:&quot;&quot;}\" style=\"cursor: pointer\" class=\"bdt-element-link elementor-element elementor-element-d84f94e exad-sticky-section-no exad-glass-effect-no elementor-widget elementor-widget-aux_text\" data-id=\"d84f94e\" data-element_type=\"widget\" data-e-type=\"widget\" data-widget_type=\"aux_text.default\">\n\t\t\t\t<div class=\"elementor-widget-container\">\n\t\t\t\t\t<section class=\"widget-container aux-widget-text aux-parent-au1a2ba962\">        <div class=\"aux-widget-advanced-text aux-wrap-style-simple aux-ico-pos-top aux-text-center aux-text-resp- aux-text-color-dark aux-text-widget-bg-center aux-text-no-content \" >\n        \n                            <div class=\"aux-text-widget-header \"  >\n                        <div class=\"aux-ico-box aux-ico-large aux-img-box aux-ico-shape-round-rect aux-ico-clear \">\n                                                                <img loading=\"lazy\" decoding=\"async\" width=\"300\" height=\"300\" src=\"https:\/\/desarrolloysalud.org\/wp-content\/uploads\/2026\/01\/3er-encuenro-300x300.webp\" class=\"aux-attachment aux-featured-image aux-attachment-id-12116\" alt=\"3er-encuenro\" srcset=\"https:\/\/desarrolloysalud.org\/wp-content\/uploads\/2026\/01\/3er-encuenro-150x150.webp 150w,https:\/\/desarrolloysalud.org\/wp-content\/uploads\/2026\/01\/3er-encuenro-300x300.webp 300w,https:\/\/desarrolloysalud.org\/wp-content\/uploads\/2026\/01\/3er-encuenro-300x300.webp 300w\" data-ratio=\"1\" data-original-w=\"351\" \/>                                                    <\/div>\n                <\/div>\n            \n            <div class=\"aux-text-inner aux-text-widget-content\">\n                                <h4 class=\"col-title\"><a href=\"https:\/\/desarrolloysalud.org\/index.php\/3er-encuentro-de-superioras-mayores-o-representantes\/\">3er. Encuentro de Superioras Mayores<\/a><\/h4>\n                <a  href=\"https:\/\/desarrolloysalud.org\/index.php\/tercer-encuentro-de-superioras-mayores-o-delegadas\/\" target=\"_self\"   class=\"aux-button aux-medium aux-steel-blue aux-curve aux-outline\" ><span class=\"aux-overlay\"><\/span><span class=\"aux-text\">Leer m\u00e1s<\/span><\/a>            <\/div>\n        <\/div>\n                    <div class=\"aux-text-widget-footer\">\n                <div class=\"aux-border-shape-none \">\n                                <\/div>\n            <\/div>\n        \n<\/section><!-- widget-container -->\t\t\t\t<\/div>\n\t\t\t\t<\/div>\n\t\t\t\t<\/div>\n\t\t<div class=\"elementor-element elementor-element-ddad6c7 e-con-full e-flex e-con e-child\" data-id=\"ddad6c7\" data-element_type=\"container\" data-e-type=\"container\">\n\t\t\t\t<div data-ep-wrapper-link=\"{&quot;url&quot;:&quot;https:\\\/\\\/desarrolloysalud.org\\\/index.php\\\/2a-reunion-de-superioras-mayores-2\\\/&quot;,&quot;is_external&quot;:&quot;&quot;,&quot;nofollow&quot;:&quot;&quot;,&quot;custom_attributes&quot;:&quot;&quot;}\" style=\"cursor: pointer\" class=\"bdt-element-link elementor-element elementor-element-0e640c7 exad-sticky-section-no exad-glass-effect-no elementor-widget elementor-widget-aux_text\" data-id=\"0e640c7\" data-element_type=\"widget\" data-e-type=\"widget\" data-widget_type=\"aux_text.default\">\n\t\t\t\t<div class=\"elementor-widget-container\">\n\t\t\t\t\t<section class=\"widget-container aux-widget-text aux-parent-aue6738871\">        <div class=\"aux-widget-advanced-text aux-wrap-style-simple aux-ico-pos-top aux-text-center aux-text-resp- aux-text-color-dark aux-text-widget-bg-center aux-text-no-content \" >\n        \n                            <div class=\"aux-text-widget-header \"  >\n                        <div class=\"aux-ico-box aux-ico-large aux-img-box aux-ico-shape-round-rect aux-ico-clear \">\n                                                                <img loading=\"lazy\" decoding=\"async\" width=\"300\" height=\"300\" src=\"https:\/\/desarrolloysalud.org\/wp-content\/uploads\/2026\/01\/2da-reunion-300x300.webp\" class=\"aux-attachment aux-featured-image aux-attachment-id-12115\" alt=\"2da-reunion\" srcset=\"https:\/\/desarrolloysalud.org\/wp-content\/uploads\/2026\/01\/2da-reunion-150x150.webp 150w,https:\/\/desarrolloysalud.org\/wp-content\/uploads\/2026\/01\/2da-reunion-300x300.webp 300w,https:\/\/desarrolloysalud.org\/wp-content\/uploads\/2026\/01\/2da-reunion-300x300.webp 300w\" data-ratio=\"1\" data-original-w=\"351\" \/>                                                    <\/div>\n                <\/div>\n            \n            <div class=\"aux-text-inner aux-text-widget-content\">\n                                <h4 class=\"col-title\"><a href=\"https:\/\/desarrolloysalud.org\/index.php\/2a-reunion-de-superioras-mayores-2\/\">2a. Reuni\u00f3n de Superioras Mayores o Representantes, Septiembre 2023<\/a><\/h4>\n                <a  href=\"https:\/\/desarrolloysalud.org\/index.php\/2a-reunion-de-superioras-mayores-2\/\" target=\"_self\"   class=\"aux-button aux-medium aux-steel-blue aux-curve aux-outline\" ><span class=\"aux-overlay\"><\/span><span class=\"aux-text\">Leer m\u00e1s<\/span><\/a>            <\/div>\n        <\/div>\n                    <div class=\"aux-text-widget-footer\">\n                <div class=\"aux-border-shape-none \">\n                                <\/div>\n            <\/div>\n        \n<\/section><!-- widget-container -->\t\t\t\t<\/div>\n\t\t\t\t<\/div>\n\t\t\t\t<\/div>\n\t\t<div class=\"elementor-element elementor-element-a8f9364 e-con-full e-flex e-con e-child\" data-id=\"a8f9364\" data-element_type=\"container\" data-e-type=\"container\">\n\t\t\t\t<div data-ep-wrapper-link=\"{&quot;url&quot;:&quot;https:\\\/\\\/desarrolloysalud.org\\\/index.php\\\/encuentro-de-superioras-mayores-y-delegadas\\\/&quot;,&quot;is_external&quot;:&quot;&quot;,&quot;nofollow&quot;:&quot;&quot;,&quot;custom_attributes&quot;:&quot;&quot;}\" style=\"cursor: pointer\" class=\"bdt-element-link elementor-element elementor-element-d943341 exad-sticky-section-no exad-glass-effect-no elementor-widget elementor-widget-aux_text\" data-id=\"d943341\" data-element_type=\"widget\" data-e-type=\"widget\" data-widget_type=\"aux_text.default\">\n\t\t\t\t<div class=\"elementor-widget-container\">\n\t\t\t\t\t<section class=\"widget-container aux-widget-text aux-parent-auac08f771\">        <div class=\"aux-widget-advanced-text aux-wrap-style-simple aux-ico-pos-top aux-text-center aux-text-resp- aux-text-color-dark aux-text-widget-bg-center aux-text-no-content \" >\n        \n                            <div class=\"aux-text-widget-header \"  >\n                        <div class=\"aux-ico-box aux-ico-large aux-img-box aux-ico-shape-round-rect aux-ico-clear \">\n                                                                <img loading=\"lazy\" decoding=\"async\" width=\"300\" height=\"300\" src=\"https:\/\/desarrolloysalud.org\/wp-content\/uploads\/2026\/01\/1er-encuentro-300x300.webp\" class=\"aux-attachment aux-featured-image aux-attachment-id-12113\" alt=\"1er-encuentro\" srcset=\"https:\/\/desarrolloysalud.org\/wp-content\/uploads\/2026\/01\/1er-encuentro-150x150.webp 150w,https:\/\/desarrolloysalud.org\/wp-content\/uploads\/2026\/01\/1er-encuentro-300x300.webp 300w,https:\/\/desarrolloysalud.org\/wp-content\/uploads\/2026\/01\/1er-encuentro-300x300.webp 300w\" data-ratio=\"1\" data-original-w=\"351\" \/>                                                    <\/div>\n                <\/div>\n            \n            <div class=\"aux-text-inner aux-text-widget-content\">\n                                <h4 class=\"col-title\"><a href=\"https:\/\/desarrolloysalud.org\/index.php\/encuentro-de-superioras-mayores-y-delegadas\/\">1er. Encuentro de Superioras Mayores o Representantes, Enero de 2023<\/a><\/h4>\n                <a  href=\"https:\/\/desarrolloysalud.org\/index.php\/encuentro-de-superioras-mayores-y-delegadas\/\" target=\"_self\"   class=\"aux-button aux-medium aux-steel-blue aux-curve aux-outline\" ><span class=\"aux-overlay\"><\/span><span class=\"aux-text\">Leer m\u00e1s<\/span><\/a>            <\/div>\n        <\/div>\n                    <div class=\"aux-text-widget-footer\">\n                <div class=\"aux-border-shape-none \">\n                                <\/div>\n            <\/div>\n        \n<\/section><!-- widget-container -->\t\t\t\t<\/div>\n\t\t\t\t<\/div>\n\t\t\t\t<\/div>\n\t\t\t\t<\/div>\n\t\t\t\t<\/div>\n\t\t","protected":false},"excerpt":{"rendered":"<p>Documentos Tercera Reuni\u00f3n de Superioras. Taller: Fortalecimiento Institucional Visitar sitio principal\u00a0 5a. Reuni\u00f3n de Superioras Mayores Leer m\u00e1s 4\u00aa Reuni\u00f3n de Superioras Mayores Leer m\u00e1s Reuni\u00f3n de Superioras Mayores Leer m\u00e1s 3er. Encuentro de Superioras Mayores Leer m\u00e1s 2a. Reuni\u00f3n de Superioras Mayores o Representantes, Septiembre 2023 Leer m\u00e1s 1er. Encuentro de Superioras Mayores o [&hellip;]<\/p>\n","protected":false},"author":1,"featured_media":0,"parent":0,"menu_order":0,"comment_status":"closed","ping_status":"closed","template":"elementor_canvas","meta":{"_monsterinsights_skip_tracking":false,"_monsterinsights_sitenote_active":false,"_monsterinsights_sitenote_note":"","_monsterinsights_sitenote_category":0,"_vp_format_video_url":"","_vp_image_focal_point":[],"footnotes":""},"class_list":["post-7530","page","type-page","status-publish","hentry"],"_links":{"self":[{"href":"https:\/\/desarrolloysalud.org\/index.php\/wp-json\/wp\/v2\/pages\/7530","targetHints":{"allow":["GET"]}}],"collection":[{"href":"https:\/\/desarrolloysalud.org\/index.php\/wp-json\/wp\/v2\/pages"}],"about":[{"href":"https:\/\/desarrolloysalud.org\/index.php\/wp-json\/wp\/v2\/types\/page"}],"author":[{"embeddable":true,"href":"https:\/\/desarrolloysalud.org\/index.php\/wp-json\/wp\/v2\/users\/1"}],"replies":[{"embeddable":true,"href":"https:\/\/desarrolloysalud.org\/index.php\/wp-json\/wp\/v2\/comments?post=7530"}],"version-history":[{"count":37,"href":"https:\/\/desarrolloysalud.org\/index.php\/wp-json\/wp\/v2\/pages\/7530\/revisions"}],"predecessor-version":[{"id":12121,"href":"https:\/\/desarrolloysalud.org\/index.php\/wp-json\/wp\/v2\/pages\/7530\/revisions\/12121"}],"wp:attachment":[{"href":"https:\/\/desarrolloysalud.org\/index.php\/wp-json\/wp\/v2\/media?parent=7530"}],"curies":[{"name":"wp","href":"https:\/\/api.w.org\/{rel}","templated":true}]}}